{"id":435,"date":"2017-05-22T06:43:38","date_gmt":"2017-05-22T04:43:38","guid":{"rendered":"https:\/\/www.lichtenwalde.info\/?page_id=435"},"modified":"2021-01-15T09:23:26","modified_gmt":"2021-01-15T08:23:26","slug":"tischlerei_gebr_engel","status":"publish","type":"page","link":"https:\/\/lichtenwalde.info\/index.php\/gewerbe-2\/b-k-s-hammer\/tischlerei_gebr_engel\/","title":{"rendered":"Tischlerei Jens Engel"},"content":{"rendered":"<p style=\"text-align: center;\"><a href=\"https:\/\/tischlerei-engel-gbr.de\/\" target=\"_blank\" rel=\"noopener noreferrer\">\u00a0<\/a><\/p>\n<p>&nbsp;<\/p>\n<p><a title=\"Tischlerei_Gebr.-Engel\" href=\"https:\/\/tischlerei-engel-gbr.de\/\" target=\"_blank\" rel=\"noopener noreferrer\"><img loading=\"lazy\" decoding=\"async\" class=\"size-medium wp-image-776 aligncenter\" src=\"https:\/\/lichtenwalde.info\/wp-content\/uploads\/2020\/01\/slider2-1200x514-1-300x169.jpg\" alt=\"\" width=\"300\" height=\"169\" srcset=\"https:\/\/lichtenwalde.info\/wp-content\/uploads\/2020\/01\/slider2-1200x514-1-300x169.jpg 300w, https:\/\/lichtenwalde.info\/wp-content\/uploads\/2020\/01\/slider2-1200x514-1-1024x577.jpg 1024w, https:\/\/lichtenwalde.info\/wp-content\/uploads\/2020\/01\/slider2-1200x514-1-768x433.jpg 768w, https:\/\/lichtenwalde.info\/wp-content\/uploads\/2020\/01\/slider2-1200x514-1-1536x866.jpg 1536w, https:\/\/lichtenwalde.info\/wp-content\/uploads\/2020\/01\/slider2-1200x514-1-2048x1155.jpg 2048w\" sizes=\"auto, (max-width: 300px) 100vw, 300px\" \/><\/a><\/p>\n<h4><a title=\"Tischlerei_Gebr.-Engel\" href=\"https:\/\/tischlerei-engel-gbr.de\/\" target=\"_blank\" rel=\"noopener noreferrer\"><em>Tischlerarbeiten aus Meisterhand \u2013 einzigartig, zuverl\u00e4ssig und preiswert.<\/em><\/a><\/h4>\n<h4><a title=\"Tischlerei_Gebr.-Engel\" href=\"https:\/\/tischlerei-engel-gbr.de\/\" target=\"_blank\" rel=\"noopener noreferrer\"><em>Daf\u00fcr steht die Tischlerei Jens Engel.<\/em><\/a><\/h4>\n<h4><a title=\"Tischlerei_Gebr.-Engel\" href=\"https:\/\/tischlerei-engel-gbr.de\/\" target=\"_blank\" rel=\"noopener noreferrer\"><em>Als\u00a0Ihr kompetenter Ansprechpartner in\u00a0Lichtenwalde und Umgebung\u00a0helfen wir Ihnen, die passende L\u00f6sung f\u00fcr Ihr Anliegen zu finden und mit umfangreichen fachm\u00e4nnischen Beratungen, Ihre Vorstellungen vom modernen Wohnen zu verwirklichen.<\/em><\/a><\/h4>\n<h4><a title=\"Tischlerei_Gebr.-Engel\" href=\"https:\/\/tischlerei-engel-gbr.de\/\" target=\"_blank\" rel=\"noopener noreferrer\"><em>Unsere Fertigung erf\u00fcllt h\u00f6chste Qualit\u00e4tsanforderungen.<\/em><\/a><br \/>\n<a title=\"Tischlerei_Gebr.-Engel\" href=\"https:\/\/tischlerei-engel-gbr.de\/\" target=\"_blank\" rel=\"noopener noreferrer\"><em>Testen Sie uns!<\/em><\/a><\/h4>\n<p style=\"text-align: center;\"><a title=\"Tischlerei_Gebr.-Engel\" href=\"https:\/\/tischlerei-engel-gbr.de\/\" target=\"_blank\" rel=\"noopener noreferrer\"><span style=\"font-size: 20px;\"><strong><span style=\"color: #0000ff;\">Vertreten durch die Gesellschafter:<\/span><\/strong><\/span><\/a><br \/>\n<a title=\"Tischlerei_Gebr.-Engel\" href=\"https:\/\/tischlerei-engel-gbr.de\/\" target=\"_blank\" rel=\"noopener noreferrer\"><span style=\"font-size: 20px;\"><strong><span style=\"color: #0000ff;\">Jens Engel<\/span><\/strong><\/span><\/a><\/p>\n<p style=\"text-align: center;\"><a title=\"Tischlerei_Gebr.-Engel\" href=\"https:\/\/tischlerei-engel-gbr.de\/\" target=\"_blank\" rel=\"noopener noreferrer\"><span style=\"font-size: 20px;\"><strong><span style=\"color: #0000ff;\">Anschrift: Ebersdorfer Stra\u00dfe 11a<\/span><\/strong><\/span><\/a><br \/>\n<a title=\"Tischlerei_Gebr.-Engel\" href=\"https:\/\/tischlerei-engel-gbr.de\/\" target=\"_blank\" rel=\"noopener noreferrer\"><span style=\"font-size: 20px;\"><strong><span style=\"color: #0000ff;\">09577 Lichtenwalde<\/span><\/strong><\/span><\/a><br \/>\n<a title=\"Tischlerei_Gebr.-Engel\" href=\"https:\/\/tischlerei-engel-gbr.de\/\" target=\"_blank\" rel=\"noopener noreferrer\"><span style=\"font-size: 20px;\"><strong><span style=\"color: #0000ff;\">Steuer-Nummer: 220\/153\/13408<\/span><\/strong><\/span><\/a><\/p>\n<p style=\"text-align: center;\"><a title=\"Tischlerei_Gebr.-Engel\" href=\"https:\/\/tischlerei-engel-gbr.de\/\" target=\"_blank\" rel=\"noopener noreferrer\"><span style=\"font-size: 20px;\"><strong><span style=\"color: #0000ff;\">Telefon: +49 37206 891702<\/span><\/strong><\/span><\/a><br \/>\n<a title=\"Tischlerei_Gebr.-Engel\" href=\"https:\/\/tischlerei-engel-gbr.de\/\" target=\"_blank\" rel=\"noopener noreferrer\"><span style=\"font-size: 20px;\"><strong><span style=\"color: #0000ff;\">Telefax: +49 37206 891703<\/span><\/strong><\/span><\/a><br \/>\n<a title=\"Tischlerei_Gebr.-Engel\" href=\"https:\/\/tischlerei-engel-gbr.de\/\" target=\"_blank\" rel=\"noopener noreferrer\"><span style=\"font-size: 20px;\"><strong><span style=\"color: #0000ff;\">Email: info (at) tischlerei-engel-gbr.de<\/span><\/strong><\/span><\/a><\/p>\n<p>&nbsp;<\/p>\n","protected":false},"excerpt":{"rendered":"<p>\u00a0 &nbsp; Tischlerarbeiten aus Meisterhand \u2013 einzigartig, zuverl\u00e4ssig und preiswert. Daf\u00fcr steht die Tischlerei Jens Engel. Als\u00a0Ihr kompetenter Ansprechpartner in\u00a0Lichtenwalde und Umgebung\u00a0helfen wir Ihnen, die passende L\u00f6sung f\u00fcr Ihr Anliegen zu finden und mit umfangreichen fachm\u00e4nnischen Beratungen, Ihre Vorstellungen vom modernen Wohnen zu verwirklichen. Unsere Fertigung erf\u00fcllt h\u00f6chste Qualit\u00e4tsanforderungen. Testen Sie uns! Vertreten durch die [&hellip;]<\/p>\n","protected":false},"author":1,"featured_media":0,"parent":2,"menu_order":0,"comment_status":"closed","ping_status":"closed","template":"page-templates\/page-nosidebars.php","meta":{"footnotes":""},"class_list":["post-435","page","type-page","status-publish","hentry"],"_links":{"self":[{"href":"https:\/\/lichtenwalde.info\/index.php\/wp-json\/wp\/v2\/pages\/435","targetHints":{"allow":["GET"]}}],"collection":[{"href":"https:\/\/lichtenwalde.info\/index.php\/wp-json\/wp\/v2\/pages"}],"about":[{"href":"https:\/\/lichtenwalde.info\/index.php\/wp-json\/wp\/v2\/types\/page"}],"author":[{"embeddable":true,"href":"https:\/\/lichtenwalde.info\/index.php\/wp-json\/wp\/v2\/users\/1"}],"replies":[{"embeddable":true,"href":"https:\/\/lichtenwalde.info\/index.php\/wp-json\/wp\/v2\/comments?post=435"}],"version-history":[{"count":17,"href":"https:\/\/lichtenwalde.info\/index.php\/wp-json\/wp\/v2\/pages\/435\/revisions"}],"predecessor-version":[{"id":877,"href":"https:\/\/lichtenwalde.info\/index.php\/wp-json\/wp\/v2\/pages\/435\/revisions\/877"}],"up":[{"embeddable":true,"href":"https:\/\/lichtenwalde.info\/index.php\/wp-json\/wp\/v2\/pages\/2"}],"wp:attachment":[{"href":"https:\/\/lichtenwalde.info\/index.php\/wp-json\/wp\/v2\/media?parent=435"}],"curies":[{"name":"wp","href":"https:\/\/api.w.org\/{rel}","templated":true}]}}